{"id":2234,"date":"2023-08-20T23:05:15","date_gmt":"2023-08-20T21:05:15","guid":{"rendered":"https:\/\/spezialistenserver.de\/jh2019\/?page_id=2234"},"modified":"2026-04-17T19:50:18","modified_gmt":"2026-04-17T17:50:18","slug":"disclaimer-2","status":"publish","type":"page","link":"https:\/\/julianhecker.com\/en\/haftungsausschluss\/","title":{"rendered":"Disclaimer"},"content":{"rendered":"<div class=\"wpb-content-wrapper\"><section id=\"ut-section-69f5e12489f22\" data-vc-full-width=\"true\" data-vc-full-width-init=\"false\" data-cursor-skin=\"global\" class=\"vc_section ut-vc-80 vc_section-has-no-fill ut-section-69f5e12489f29 ut-section-with-linking\"><a id=\"section-imprint\" data-id=\"section-imprint\" class=\"ut-vc-offset-anchor-top\" name=\"section-imprint\">Imprint<\/a><div id=\"ut-row-69f5e1248a342\" data-vc-full-width=\"true\" data-vc-full-width-init=\"false\" class=\"vc_row wpb_row vc_row-fluid vc_column-gap-0 ut-row-69f5e1248a348\" ><div class=\"wpb_column vc_column_container vc_col-sm-6\" ><div id=\"ut_inner_column_69f5e1248a6ad\" class=\"vc_column-inner\" ><div class=\"wpb_wrapper\"><div class=\"wpb_content_element\"><style type=\"text\/css\">#ut_header_69f5e1248a9e3 h2.section-title { font-size:40px !important;line-height:88px !important;letter-spacing:-0.05em; }#ut_header_69f5e1248a9e3 .lead ins { color:#ffffff; }#ut_header_69f5e1248a9e3 .lead ins { font-weight:normal; }<\/style><header id=\"ut_header_69f5e1248a9e3\" class=\"section-header  ut-no-title-linebreak-mobile ut-no-lead-linebreak-mobile pt-style-2 header-left header-tablet-left header-mobile-center element-with-custom-line-height\"><div class=\"element-with-custom-line-height\" ><h2 data-title=\"Haftungsausschluss\"  data-responsive-font=\"section_title\" data-responsive-font-settings=\"{&quot;base-font-size&quot;:&quot;40&quot;,&quot;font-size-unit&quot;:&quot;px&quot;,&quot;font-size&quot;:{&quot;desktop_large&quot;:&quot;40&quot;},&quot;base-line-height&quot;:&quot;global&quot;,&quot;line-height&quot;:{&quot;desktop_large&quot;:&quot;88&quot;},&quot;base-letter-spacing&quot;:&quot;global&quot;,&quot;letter-spacing&quot;:{&quot;desktop_large&quot;:&quot;-0.05&quot;}}\" class=\"section-title\"><span>Disclaimer<\/span><\/h2><\/div><\/header><\/div>\r\n\t<div class=\"wpb_text_column wpb_content_element\" >\r\n\t\t<div class=\"wpb_wrapper\">\r\n\t\t\t<h3 data-section-id=\"7pmcs4\" data-start=\"1028\" data-end=\"1050\">Disclaimer<\/h3>\n<p data-start=\"1052\" data-end=\"1222\">Should you require any further information or have any questions regarding this disclaimer, please do not hesitate to contact me via email at <a class=\"decorated-link cursor-pointer\" rel=\"noopener\" data-start=\"1187\" data-end=\"1208\">info@julianhecker.com<\/a> Contact.<\/p>\n<p data-start=\"1224\" data-end=\"1267\"><strong data-start=\"1224\" data-end=\"1267\">Disclaimer for julianhecker.com<\/strong><\/p>\n<p data-start=\"1269\" data-end=\"1774\">All information on this website is provided to the best of our knowledge and belief and solely for general informational purposes. We do not guarantee the completeness, accuracy, or timeliness of the content provided. Any actions you take based on the information provided on this website are at your own risk. We are not liable for any losses or damages arising in connection with the use of this website.<\/p>\n<p data-start=\"1776\" data-end=\"2271\">This website may contain links to external websites. I endeavour to provide exclusively high-quality and trustworthy links, but I have no influence over the content and design of external pages. Linking does not represent an endorsement of all the content of these external websites. The content and operators of external pages may change at any time without me becoming aware of it or having the opportunity to remove the relevant links immediately.<\/p>\n<p data-start=\"2273\" data-end=\"2621\">Please also note that when you leave my website, the privacy policies and terms of use of other websites will apply, over which I have no control. Therefore, please inform yourself about the respective data protection declarations and terms of use before using external offers or transmitting personal data.<\/p>\n<p data-start=\"2623\" data-end=\"2735\"><strong data-start=\"2623\" data-end=\"2639\">Consent<\/strong><br data-start=\"2639\" data-end=\"2642\" \/>By using this website, you agree to this disclaimer.<\/p>\n<p data-start=\"2737\" data-end=\"2885\"><strong data-start=\"2737\" data-end=\"2755\">Update<\/strong><br data-start=\"2755\" data-end=\"2758\" \/>Should this disclaimer be amended in the future, the corresponding changes will be indicated here.<\/p>\n\r\n\t\t<\/div>\r\n\t<\/div>\r\n<\/div><\/div><\/div><div class=\"wpb_column vc_column_container vc_col-sm-6\" ><div id=\"ut_inner_column_69f5e1248d69e\" class=\"vc_column-inner\" ><div class=\"wpb_wrapper\"><\/div><\/div><\/div><\/div><div class=\"vc_row-full-width vc_clearfix\"><\/div><a data-id=\"section-imprint\" class=\"ut-vc-offset-anchor-bottom\" name=\"section-imprint\">Imprint<\/a><style type=\"text\/css\">#ut-section-69f5e12489f22{margin-bottom: 0px !important;border-top-width: 1px !important;background-position:center center !important;;background-repeat: no-repeat !important;background-size: cover !important;border-top-style: solid !important;border-color: rgba(255,255,255,0.5) !important;background-attachment:fixed!important;;} <\/style><\/section><div class=\"vc_row-full-width vc_clearfix\"><\/div>\n<\/div>","protected":false},"excerpt":{"rendered":"ImprintHaftungsausschluss Haftungsausschluss Sollten Sie weitere Informationen ben\u00f6tigen oder Fragen zu diesem Haftungsausschluss haben, k\u00f6nnen Sie mich jederzeit per E-Mail unter info@julianhecker.com kontaktieren. Haftungsausschluss f\u00fcr julianhecker.com Alle Informationen auf dieser Website werden nach bestem Wissen und Gewissen sowie ausschlie\u00dflich zu allgemeinen Informationszwecken bereitgestellt. Ich \u00fcbernehme keine Gew\u00e4hr f\u00fcr die Vollst\u00e4ndigkeit, Richtigkeit und Aktualit\u00e4t der bereitgestellten Inhalte. [...]","protected":false},"author":2,"featured_media":0,"parent":0,"menu_order":8,"comment_status":"closed","ping_status":"closed","template":"","meta":{"footnotes":""},"class_list":["post-2234","page","type-page","status-publish","hentry"],"_links":{"self":[{"href":"https:\/\/julianhecker.com\/en\/wp-json\/wp\/v2\/pages\/2234","targetHints":{"allow":["GET"]}}],"collection":[{"href":"https:\/\/julianhecker.com\/en\/wp-json\/wp\/v2\/pages"}],"about":[{"href":"https:\/\/julianhecker.com\/en\/wp-json\/wp\/v2\/types\/page"}],"author":[{"embeddable":true,"href":"https:\/\/julianhecker.com\/en\/wp-json\/wp\/v2\/users\/2"}],"replies":[{"embeddable":true,"href":"https:\/\/julianhecker.com\/en\/wp-json\/wp\/v2\/comments?post=2234"}],"version-history":[{"count":1,"href":"https:\/\/julianhecker.com\/en\/wp-json\/wp\/v2\/pages\/2234\/revisions"}],"predecessor-version":[{"id":2733,"href":"https:\/\/julianhecker.com\/en\/wp-json\/wp\/v2\/pages\/2234\/revisions\/2733"}],"wp:attachment":[{"href":"https:\/\/julianhecker.com\/en\/wp-json\/wp\/v2\/media?parent=2234"}],"curies":[{"name":"wp","href":"https:\/\/api.w.org\/{rel}","templated":true}]}}